{"id":7601,"date":"2024-01-31T23:18:10","date_gmt":"2024-01-31T20:18:10","guid":{"rendered":"https:\/\/citroenim.com\/odeme-bilgileri\/"},"modified":"2025-04-17T22:29:53","modified_gmt":"2025-04-17T22:29:53","slug":"odeme-bilgileri","status":"publish","type":"page","link":"https:\/\/citroenim.com\/en\/information-pages\/odeme-bilgileri\/","title":{"rendered":"Payment Informations"},"content":{"rendered":"\t\t<div data-elementor-type=\"wp-page\" data-elementor-id=\"7601\" class=\"elementor elementor-7601\">\n\t\t\t\t<div class=\"wd-negative-gap elementor-element elementor-element-763a2b78 e-flex e-con-boxed e-con e-parent\" data-id=\"763a2b78\" data-element_type=\"container\">\n\t\t\t\t\t<div class=\"e-con-inner\">\n\t\t<div class=\"elementor-element elementor-element-19f54008 e-con-full bilgi_menu_stick e-flex e-con e-child\" data-id=\"19f54008\" data-element_type=\"container\">\n\t\t\t\t<div class=\"elementor-element elementor-element-1e4b7cf elementor-widget elementor-widget-wd_mega_menu\" data-id=\"1e4b7cf\" data-element_type=\"widget\" data-widget_type=\"wd_mega_menu.default\">\n\t\t\t\t<div class=\"elementor-widget-container\">\n\t\t\t\t\t\t\t<div class=\"wd-menu widget_nav_mega_menu\">\n\t\t\t\t\t\t<ul id=\"menu-all-information\" class=\"menu wd-nav wd-nav-vertical wd-design-default\"><li id=\"menu-item-9074\" class=\"menu-item menu-item-type-post_type menu-item-object-page menu-item-9074 item-level-0 menu-simple-dropdown wd-event-hover\" ><a href=\"https:\/\/citroenim.com\/en\/information-pages\/hakkimizda-2\/\" class=\"woodmart-nav-link\"><span class=\"nav-link-text\">About Us<\/span><\/a><\/li>\n<li id=\"menu-item-9073\" class=\"menu-item menu-item-type-post_type menu-item-object-page menu-item-privacy-policy menu-item-9073 item-level-0 menu-simple-dropdown wd-event-hover\" ><a href=\"https:\/\/citroenim.com\/en\/information-pages\/gizlilik-politikasi\/\" class=\"woodmart-nav-link\"><span class=\"nav-link-text\">Privacy Policy<\/span><\/a><\/li>\n<li id=\"menu-item-9075\" class=\"menu-item menu-item-type-post_type menu-item-object-page menu-item-9075 item-level-0 menu-simple-dropdown wd-event-hover\" ><a href=\"https:\/\/citroenim.com\/en\/information-pages\/kargo-ve-teslimat\/\" class=\"woodmart-nav-link\"><span class=\"nav-link-text\">Cargo and Shipment<\/span><\/a><\/li>\n<li id=\"menu-item-9077\" class=\"menu-item menu-item-type-post_type menu-item-object-page menu-item-9077 item-level-0 menu-simple-dropdown wd-event-hover\" ><a href=\"https:\/\/citroenim.com\/en\/information-pages\/cerez-politikasi\/\" class=\"woodmart-nav-link\"><span class=\"nav-link-text\">Cookie Policy<\/span><\/a><\/li>\n<li id=\"menu-item-9078\" class=\"menu-item menu-item-type-post_type menu-item-object-page menu-item-9078 item-level-0 menu-simple-dropdown wd-event-hover\" ><a href=\"https:\/\/citroenim.com\/en\/information-pages\/musteri-memnuniyeti\/\" class=\"woodmart-nav-link\"><span class=\"nav-link-text\">Customer Complaints<\/span><\/a><\/li>\n<li id=\"menu-item-9079\" class=\"menu-item menu-item-type-post_type menu-item-object-page menu-item-9079 item-level-0 menu-simple-dropdown wd-event-hover\" ><a href=\"https:\/\/citroenim.com\/en\/information-pages\/musteri-hizmetleri-formu\/\" class=\"woodmart-nav-link\"><span class=\"nav-link-text\">Customer Service Form<\/span><\/a><\/li>\n<li id=\"menu-item-9080\" class=\"menu-item menu-item-type-post_type menu-item-object-page menu-item-9080 item-level-0 menu-simple-dropdown wd-event-hover\" ><a href=\"https:\/\/citroenim.com\/en\/information-pages\/mesafeli-satis-sozlesmesi\/\" class=\"woodmart-nav-link\"><span class=\"nav-link-text\">Distance Sales Agreement<\/span><\/a><\/li>\n<li id=\"menu-item-9081\" class=\"menu-item menu-item-type-post_type menu-item-object-page menu-item-9081 item-level-0 menu-simple-dropdown wd-event-hover\" ><a href=\"https:\/\/citroenim.com\/en\/information-pages\/sikca-sorulan-sorular\/\" class=\"woodmart-nav-link\"><span class=\"nav-link-text\">FAQs<\/span><\/a><\/li>\n<li id=\"menu-item-9082\" class=\"menu-item menu-item-type-post_type menu-item-object-page menu-item-9082 item-level-0 menu-simple-dropdown wd-event-hover\" ><a href=\"https:\/\/citroenim.com\/en\/information-pages\/kvkk-gizlilik-politikasi\/\" class=\"woodmart-nav-link\"><span class=\"nav-link-text\">GDPR Privacy Policy<\/span><\/a><\/li>\n<li id=\"menu-item-9083\" class=\"menu-item menu-item-type-post_type menu-item-object-page menu-item-9083 item-level-0 menu-simple-dropdown wd-event-hover\" ><a href=\"https:\/\/citroenim.com\/en\/information-pages\/genel-hukum-ve-kosullar\/\" class=\"woodmart-nav-link\"><span class=\"nav-link-text\">General Terms and Conditions<\/span><\/a><\/li>\n<li id=\"menu-item-9084\" class=\"menu-item menu-item-type-post_type menu-item-object-page menu-item-9084 item-level-0 menu-simple-dropdown wd-event-hover\" ><a href=\"https:\/\/citroenim.com\/en\/information-pages\/bilgi-guvenligi\/\" class=\"woodmart-nav-link\"><span class=\"nav-link-text\">Information Security<\/span><\/a><\/li>\n<li id=\"menu-item-9085\" class=\"menu-item menu-item-type-post_type menu-item-object-page menu-item-9085 item-level-0 menu-simple-dropdown wd-event-hover\" ><a href=\"https:\/\/citroenim.com\/en\/information-pages\/uyelik-sozlesmesi\/\" class=\"woodmart-nav-link\"><span class=\"nav-link-text\">Membership Agreement<\/span><\/a><\/li>\n<li id=\"menu-item-9086\" class=\"menu-item menu-item-type-post_type menu-item-object-page menu-item-9086 item-level-0 menu-simple-dropdown wd-event-hover\" ><a href=\"https:\/\/citroenim.com\/en\/information-pages\/siparis-kosullari\/\" class=\"woodmart-nav-link\"><span class=\"nav-link-text\">Order Terms<\/span><\/a><\/li>\n<li id=\"menu-item-9087\" class=\"menu-item menu-item-type-post_type menu-item-object-page menu-item-9087 item-level-0 menu-simple-dropdown wd-event-hover\" ><a href=\"https:\/\/citroenim.com\/en\/information-pages\/odeme-bilgileri\/\" class=\"woodmart-nav-link\"><span class=\"nav-link-text\">Payment Informations<\/span><\/a><\/li>\n<li id=\"menu-item-9088\" class=\"menu-item menu-item-type-post_type menu-item-object-page menu-item-9088 item-level-0 menu-simple-dropdown wd-event-hover\" ><a href=\"https:\/\/citroenim.com\/en\/information-pages\/on-bilgilendirme-formu\/\" class=\"woodmart-nav-link\"><span class=\"nav-link-text\">Pre-Information Form<\/span><\/a><\/li>\n<li id=\"menu-item-9076\" class=\"menu-item menu-item-type-post_type menu-item-object-page menu-item-9076 item-level-0 menu-simple-dropdown wd-event-hover\" ><a href=\"https:\/\/citroenim.com\/en\/information-pages\/contact-us\/\" class=\"woodmart-nav-link\"><span class=\"nav-link-text\">Contact Us<\/span><\/a><\/li>\n<\/ul>\t\t<\/div>\n\t\t\t\t\t\t<\/div>\n\t\t\t\t<\/div>\n\t\t\t\t<\/div>\n\t\t<div class=\"elementor-element elementor-element-6c915e90 e-con-full textpart e-flex e-con e-child\" data-id=\"6c915e90\" data-element_type=\"container\">\n\t\t\t\t<div class=\"elementor-element elementor-element-2a9d0f5e bilgilendirme-justify color-scheme-inherit text-left elementor-widget elementor-widget-text-editor\" data-id=\"2a9d0f5e\" data-element_type=\"widget\" data-widget_type=\"text-editor.default\">\n\t\t\t\t<div class=\"elementor-widget-container\">\n\t\t\t\t\t\t\t\t\t<h3 data-start=\"59\" data-end=\"82\"><strong data-start=\"63\" data-end=\"82\">Payment Methods<\/strong><\/h3><ol data-start=\"84\" data-end=\"709\"><li data-start=\"84\" data-end=\"278\"><p data-start=\"87\" data-end=\"278\"><strong data-start=\"87\" data-end=\"138\">Bank Transfer or EFT (Electronic Fund Transfer)<\/strong><br data-start=\"138\" data-end=\"141\" \/>You can make payments in TL, Euro, and USD by transferring funds from our Papara, Kuveyt T\u00fcrk Participation Bank, or \u0130\u015f Bankas\u0131 accounts.<\/p><\/li><li data-start=\"280\" data-end=\"709\"><p data-start=\"283\" data-end=\"709\"><strong data-start=\"283\" data-end=\"307\">Credit Card Payments<\/strong><br data-start=\"307\" data-end=\"310\" \/>You can make online payments via any credit card through iyzico. You can either make a single payment or take advantage of the online installment options provided by iyzico. Upon completing the payment, the amount will be charged to your credit card. In case of order cancellations due to stock issues or other reasons, the refund will be processed back to your credit card within 3-7 business days.<\/p><\/li><\/ol><p data-start=\"711\" data-end=\"750\">For account details, please contact us.<\/p>\t\t\t\t\t\t\t\t<\/div>\n\t\t\t\t<\/div>\n\t\t\t\t<\/div>\n\t\t\t\t\t<\/div>\n\t\t\t\t<\/div>\n\t\t\t\t<\/div>\n\t\t","protected":false},"excerpt":{"rendered":"<p>About Us Privacy Policy Cargo and Shipment Cookie Policy Customer Complaints Customer Service Form Distance Sales Agreement FAQs GDPR Privacy<\/p>\n","protected":false},"author":1,"featured_media":0,"parent":7621,"menu_order":0,"comment_status":"closed","ping_status":"closed","template":"elementor_header_footer","meta":{"footnotes":""},"class_list":["post-7601","page","type-page","status-publish","hentry"],"yoast_head":"<!-- This site is optimized with the Yoast SEO Premium plugin v26.6 (Yoast SEO v26.6) - https:\/\/yoast.com\/wordpress\/plugins\/seo\/ -->\n<title>Payment Informations - Citroenim - Style Begins with You<\/title>\n<meta name=\"robots\" content=\"index, follow, max-snippet:-1, max-image-preview:large, max-video-preview:-1\" \/>\n<link rel=\"canonical\" href=\"https:\/\/citroenim.com\/en\/information-pages\/odeme-bilgileri\/\" \/>\n<meta property=\"og:locale\" content=\"en_US\" \/>\n<meta property=\"og:type\" content=\"article\" \/>\n<meta property=\"og:title\" content=\"Payment Informations\" \/>\n<meta property=\"og:description\" content=\"About Us Privacy Policy Cargo and Shipment Cookie Policy Customer Complaints Customer Service Form Distance Sales Agreement FAQs GDPR Privacy\" \/>\n<meta property=\"og:url\" content=\"https:\/\/citroenim.com\/en\/information-pages\/odeme-bilgileri\/\" \/>\n<meta property=\"og:site_name\" content=\"Citroenim - Style Begins with You\" \/>\n<meta property=\"article:modified_time\" content=\"2025-04-17T22:29:53+00:00\" \/>\n<meta name=\"twitter:card\" content=\"summary_large_image\" \/>\n<meta name=\"twitter:label1\" content=\"Est. reading time\" \/>\n\t<meta name=\"twitter:data1\" content=\"1 minute\" \/>\n<script type=\"application\/ld+json\" class=\"yoast-schema-graph\">{\"@context\":\"https:\/\/schema.org\",\"@graph\":[{\"@type\":\"WebPage\",\"@id\":\"https:\/\/citroenim.com\/en\/information-pages\/odeme-bilgileri\/\",\"url\":\"https:\/\/citroenim.com\/en\/information-pages\/odeme-bilgileri\/\",\"name\":\"Payment Informations - Citroenim - Style Begins with You\",\"isPartOf\":{\"@id\":\"https:\/\/citroenim.com\/en\/#website\"},\"datePublished\":\"2024-01-31T20:18:10+00:00\",\"dateModified\":\"2025-04-17T22:29:53+00:00\",\"breadcrumb\":{\"@id\":\"https:\/\/citroenim.com\/en\/information-pages\/odeme-bilgileri\/#breadcrumb\"},\"inLanguage\":\"en-US\",\"potentialAction\":[{\"@type\":\"ReadAction\",\"target\":[\"https:\/\/citroenim.com\/en\/information-pages\/odeme-bilgileri\/\"]}]},{\"@type\":\"BreadcrumbList\",\"@id\":\"https:\/\/citroenim.com\/en\/information-pages\/odeme-bilgileri\/#breadcrumb\",\"itemListElement\":[{\"@type\":\"ListItem\",\"position\":1,\"name\":\"Home\",\"item\":\"https:\/\/citroenim.com\/en\/\"},{\"@type\":\"ListItem\",\"position\":2,\"name\":\"Information Pages\",\"item\":\"https:\/\/citroenim.com\/en\/information-pages\/\"},{\"@type\":\"ListItem\",\"position\":3,\"name\":\"Payment Informations\"}]},{\"@type\":\"WebSite\",\"@id\":\"https:\/\/citroenim.com\/en\/#website\",\"url\":\"https:\/\/citroenim.com\/en\/\",\"name\":\"Citroenim - Style Begins with You\",\"description\":\"\",\"potentialAction\":[{\"@type\":\"SearchAction\",\"target\":{\"@type\":\"EntryPoint\",\"urlTemplate\":\"https:\/\/citroenim.com\/en\/?s={search_term_string}\"},\"query-input\":{\"@type\":\"PropertyValueSpecification\",\"valueRequired\":true,\"valueName\":\"search_term_string\"}}],\"inLanguage\":\"en-US\"}]}<\/script>\n<!-- \/ Yoast SEO Premium plugin. -->","yoast_head_json":{"title":"Payment Informations - Citroenim - Style Begins with You","robots":{"index":"index","follow":"follow","max-snippet":"max-snippet:-1","max-image-preview":"max-image-preview:large","max-video-preview":"max-video-preview:-1"},"canonical":"https:\/\/citroenim.com\/en\/information-pages\/odeme-bilgileri\/","og_locale":"en_US","og_type":"article","og_title":"Payment Informations","og_description":"About Us Privacy Policy Cargo and Shipment Cookie Policy Customer Complaints Customer Service Form Distance Sales Agreement FAQs GDPR Privacy","og_url":"https:\/\/citroenim.com\/en\/information-pages\/odeme-bilgileri\/","og_site_name":"Citroenim - Style Begins with You","article_modified_time":"2025-04-17T22:29:53+00:00","twitter_card":"summary_large_image","twitter_misc":{"Est. reading time":"1 minute"},"schema":{"@context":"https:\/\/schema.org","@graph":[{"@type":"WebPage","@id":"https:\/\/citroenim.com\/en\/information-pages\/odeme-bilgileri\/","url":"https:\/\/citroenim.com\/en\/information-pages\/odeme-bilgileri\/","name":"Payment Informations - Citroenim - Style Begins with You","isPartOf":{"@id":"https:\/\/citroenim.com\/en\/#website"},"datePublished":"2024-01-31T20:18:10+00:00","dateModified":"2025-04-17T22:29:53+00:00","breadcrumb":{"@id":"https:\/\/citroenim.com\/en\/information-pages\/odeme-bilgileri\/#breadcrumb"},"inLanguage":"en-US","potentialAction":[{"@type":"ReadAction","target":["https:\/\/citroenim.com\/en\/information-pages\/odeme-bilgileri\/"]}]},{"@type":"BreadcrumbList","@id":"https:\/\/citroenim.com\/en\/information-pages\/odeme-bilgileri\/#breadcrumb","itemListElement":[{"@type":"ListItem","position":1,"name":"Home","item":"https:\/\/citroenim.com\/en\/"},{"@type":"ListItem","position":2,"name":"Information Pages","item":"https:\/\/citroenim.com\/en\/information-pages\/"},{"@type":"ListItem","position":3,"name":"Payment Informations"}]},{"@type":"WebSite","@id":"https:\/\/citroenim.com\/en\/#website","url":"https:\/\/citroenim.com\/en\/","name":"Citroenim - Style Begins with You","description":"","potentialAction":[{"@type":"SearchAction","target":{"@type":"EntryPoint","urlTemplate":"https:\/\/citroenim.com\/en\/?s={search_term_string}"},"query-input":{"@type":"PropertyValueSpecification","valueRequired":true,"valueName":"search_term_string"}}],"inLanguage":"en-US"}]}},"_links":{"self":[{"href":"https:\/\/citroenim.com\/en\/wp-json\/wp\/v2\/pages\/7601","targetHints":{"allow":["GET"]}}],"collection":[{"href":"https:\/\/citroenim.com\/en\/wp-json\/wp\/v2\/pages"}],"about":[{"href":"https:\/\/citroenim.com\/en\/wp-json\/wp\/v2\/types\/page"}],"author":[{"embeddable":true,"href":"https:\/\/citroenim.com\/en\/wp-json\/wp\/v2\/users\/1"}],"replies":[{"embeddable":true,"href":"https:\/\/citroenim.com\/en\/wp-json\/wp\/v2\/comments?post=7601"}],"version-history":[{"count":0,"href":"https:\/\/citroenim.com\/en\/wp-json\/wp\/v2\/pages\/7601\/revisions"}],"up":[{"embeddable":true,"href":"https:\/\/citroenim.com\/en\/wp-json\/wp\/v2\/pages\/7621"}],"wp:attachment":[{"href":"https:\/\/citroenim.com\/en\/wp-json\/wp\/v2\/media?parent=7601"}],"curies":[{"name":"wp","href":"https:\/\/api.w.org\/{rel}","templated":true}]}}